{"id":1583,"date":"2025-09-05T13:10:41","date_gmt":"2025-09-05T11:10:41","guid":{"rendered":"https:\/\/rodplaszow.pl\/?page_id=1583"},"modified":"2025-09-05T13:10:41","modified_gmt":"2025-09-05T11:10:41","slug":"90-lecie-ogrodu","status":"publish","type":"page","link":"https:\/\/rodplaszow.pl\/?page_id=1583","title":{"rendered":"90 lecie ogrodu"},"content":{"rendered":"<p><b><center>Uroczysto\u015b\u0107 90 lecia Ogrodu P\u0142asz\u00f3w odby\u0142a si\u0119 30 sierpnia 2025 roku z udzia\u0142em zaproszonych go\u015bci w osobach: Przewodnicz\u0105cy Rady Miasta Krakowa Pan Jakub Kosek, Przewodnicz\u0105cy Rady Dzielnicy XIII Pan Szymon Tobo\u0142a, Ogrodniczka Miejska Pani Katarzyna Opa\u0142ka, Wiceprezes Okr\u0119gu Ma\u0142opolskiego PZD Pani Bogus\u0142awa Mituniewicz, Prezes ROD im. Lewi\u0144skiego Pan Jerzy T\u0119czar z ma\u0142\u017conk\u0105 Leonard\u0105, Pani Alicja Kraska i Pani Anna Prusinowska z ROD im. Lewi\u0144skiego, Dyrektor ds. technicznych CASA FELIZ Pan Jaros\u0142aw Kopacz, Pani Katarzyna Boche\u0144ska Mazur opiekuj\u0105ca si\u0119 naszymi kotami, Kierownik firmy W\u0142omex Pan Piotr Ligara, Instruktor Ogrodnictwa Pan Jerzy Sugier, wieloletnia opiekunka ogrodu Pani Ewa Sugier, nasza Ksi\u0119gowa Pani Krystyna Fugiel-Ogi\u0144ska, o raz dzia\u0142kowcy i ich rodziny. <\/p>\n<p><\/b><\/center><br \/>\n<center><img decoding=\"async\" src=\"https:\/\/rodplaszow.pl\/wp-content\/uploads\/2025\/09\/90_1.png\" \/><\/center><\/p>\n<p><center><\/p>\n<p><div style=\"float:left; margin: 30px\"><img decoding=\"async\" src=\"https:\/\/rodplaszow.pl\/wp-content\/uploads\/2025\/09\/90_2.png\" \/><\/div>\n<\/p>\n<p><b>Podczas inauguracji uroczysto\u015bci zebrani wys\u0142uchali Hymnu Polskiego Zwi\u0105zku Dzia\u0142kowc\u00f3w. Nast\u0119pnie ods\u0142oni\u0119ta zosta\u0142a przez Przewodnicz\u0105cego RMK Pana Jakuba Koska, Boles\u0142awa Markiewicza i W\u0142adys\u0142awa Sm\u0119der ufundowana przez Dzia\u0142kowc\u00f3w tablica, upami\u0119tniaj\u0105c\u0105 kolejn\u0105 rocznic\u0119 naszego Ogrodu.<br \/>\nUroczysto\u015bci towarzyszy\u0142a tradycyjna wystawa plon\u00f3w i konkurs na najpi\u0119kniejsz\u0105 ekspozycj\u0119. Nast\u0119pnie Marzena i W\u0142adys\u0142aw Sm\u0119der powitali zaproszonych Go\u015bci i dzia\u0142kowc\u00f3w przedstawiaj\u0105c kr\u00f3tki rys historyczny Ogrodu P\u0142asz\u00f3w.<br \/>\nZainteresowanych histori\u0105 Ogrodu zapraszamy na stron\u0119 internetow\u0105 Ogrodu, administrowan\u0105 przez Pana Piotra W\u00f3jcika. Zosta\u0142a tam umieszczona pe\u0142na historia naszego ROD, zdigitalizowana z r\u0119cznie pisanych kronik https:\/\/rodplaszow.pl\/<\/p>\n<p><\/b><\/center><\/p>\n<p><b> <center><img decoding=\"async\" src=\"https:\/\/rodplaszow.pl\/wp-content\/uploads\/2025\/09\/90_5.png\" \/><\/center><\/p>\n<p><\/b> <\/p>\n<p><b><center>Zaproszeni Go\u015bcie pogratulowali Ogrodowi Jubileuszu wr\u0119czaj\u0105c cenne pami\u0105tki: tabliczki pami\u0105tkowe z grawerowanym napisem od Przewodnicz\u0105cego Rady Miasta Krakowa i od Przewodnicz\u0105cego Dzielnicy XIII, listy gratulacyjne, puchar od Okr\u0119gowego Zarz\u0105du Ma\u0142opolskiego PZD, uroczego jamnika- str\u00f3\u017ca od Prezesa ROD im. Lewi\u0144skiego i pi\u0119kne bukiety kwiat\u00f3w.<\/p>\n<p><\/b><\/center><\/p>\n<p><b> <center><img decoding=\"async\" src=\"https:\/\/rodplaszow.pl\/wp-content\/uploads\/2025\/09\/90_3.png\" \/><\/center><\/p>\n<p><\/b> <\/p>\n<p><b> <center><img decoding=\"async\" src=\"https:\/\/rodplaszow.pl\/wp-content\/uploads\/2025\/09\/90_4.png\" \/><\/center><\/p>\n<p><\/b><\/p>\n<p><b> <center>Zaproszeni Go\u015bcie pogratulowali Ogrodowi Jubileuszu wr\u0119czaj\u0105c cenne pami\u0105tki: tabliczki pami\u0105tkowe z grawerowanym napisem od Przewodnicz\u0105cego Rady Miasta Krakowa i od Przewodnicz\u0105cego Dzielnicy XIII, listy gratulacyjne, puchar od Okr\u0119gowego Zarz\u0105du Ma\u0142opolskiego PZD, uroczego jamnika- str\u00f3\u017ca od Prezesa ROD im. Lewi\u0144skiego i pi\u0119kne bukiety kwiat\u00f3w.<\/center><\/p>\n<p><\/b><\/p>\n<p><b> <center><img decoding=\"async\" src=\"https:\/\/rodplaszow.pl\/wp-content\/uploads\/2025\/09\/90_6.png\" \/><\/center><\/p>\n<p><\/b><\/p>\n<p><b><center>Tym akcentem zako\u0144czy\u0142a si\u0119 cz\u0119\u015b\u0107 oficjalna i rozpocz\u0105\u0142 si\u0119 piknik. Dla najm\u0142odszych odbywa\u0142y si\u0119 zaplanowane atrakcje na placu zabaw. Uczestnikom przygrywa\u0142a orkiestra, serwowano przek\u0105ski z grilla, tradycyjny gulasz, p\u0105czki i napoje.<\/p>\n<p><\/b><\/center><\/p>\n<p><b> <center><img decoding=\"async\" src=\"https:\/\/rodplaszow.pl\/wp-content\/uploads\/2025\/09\/90_7.png\" \/><\/center><\/p>\n<p><\/b><\/p>\n<p><b><center>Pomimo zawirowa\u0144 pogodowych Dzia\u0142kowcy bawili si\u0119 wsp\u00f3lnie do p\u00f3\u017anych godzin nocnych. Dzi\u0119kujemy Wszystkim za udzia\u0142 w naszej wspania\u0142ej uroczysto\u015bci i za kolejne dziesi\u0119ciolecie w 90-letniej ju\u017c historii naszego ROD!<\/center><\/p>\n<p><\/b><\/p>\n<p><b><center>Autorem zamieszczonych zdj\u0119\u0107 Pan Tom Rollauer, kt\u00f3remu dzi\u0119kujemy za udostepnienie fotografii i za udzia\u0142 w uroczysto\u015bci.<\/center><\/p>\n<p><\/b><\/p>\n<p><b> <center><img decoding=\"async\" src=\"https:\/\/rodplaszow.pl\/wp-content\/uploads\/2025\/09\/90_8.png\" \/><\/center><\/p>\n<p><\/b><\/p>\n<p><b><center>A oto nasze pami\u0105tki:<\/center><\/p>\n<p><\/b><\/p>\n<p><b> <center><img decoding=\"async\" src=\"https:\/\/rodplaszow.pl\/wp-content\/uploads\/2025\/09\/90_9.png\" \/><\/center><\/p>\n<p><\/b><\/p>\n","protected":false},"excerpt":{"rendered":"<p>Uroczysto\u015b\u0107 90 lecia Ogrodu P\u0142asz\u00f3w odby\u0142a si\u0119 30 sierpnia 2025 roku z udzia\u0142em zaproszonych go\u015bci w osobach: Przewodnicz\u0105cy Rady Miasta Krakowa Pan Jakub Kosek, Przewodnicz\u0105cy Rady Dzielnicy XIII Pan Szymon &#8230;<\/p>\n","protected":false},"author":1,"featured_media":0,"parent":0,"menu_order":0,"comment_status":"closed","ping_status":"closed","template":"","meta":[],"_links":{"self":[{"href":"https:\/\/rodplaszow.pl\/index.php?rest_route=\/wp\/v2\/pages\/1583"}],"collection":[{"href":"https:\/\/rodplaszow.pl\/index.php?rest_route=\/wp\/v2\/pages"}],"about":[{"href":"https:\/\/rodplaszow.pl\/index.php?rest_route=\/wp\/v2\/types\/page"}],"author":[{"embeddable":true,"href":"https:\/\/rodplaszow.pl\/index.php?rest_route=\/wp\/v2\/users\/1"}],"replies":[{"embeddable":true,"href":"https:\/\/rodplaszow.pl\/index.php?rest_route=%2Fwp%2Fv2%2Fcomments&post=1583"}],"version-history":[{"count":18,"href":"https:\/\/rodplaszow.pl\/index.php?rest_route=\/wp\/v2\/pages\/1583\/revisions"}],"predecessor-version":[{"id":1614,"href":"https:\/\/rodplaszow.pl\/index.php?rest_route=\/wp\/v2\/pages\/1583\/revisions\/1614"}],"wp:attachment":[{"href":"https:\/\/rodplaszow.pl\/index.php?rest_route=%2Fwp%2Fv2%2Fmedia&parent=1583"}],"curies":[{"name":"wp","href":"https:\/\/api.w.org\/{rel}","templated":true}]}}