{"id":793,"date":"2023-02-09T19:51:24","date_gmt":"2023-02-09T18:51:24","guid":{"rendered":"http:\/\/nowa.rodplaszow.pl\/?page_id=793"},"modified":"2024-04-26T10:34:37","modified_gmt":"2024-04-26T08:34:37","slug":"o-nas","status":"publish","type":"page","link":"https:\/\/rodplaszow.pl\/?page_id=793","title":{"rendered":"O nas"},"content":{"rendered":"\n\n\n<figure class=\"wp-block-table is-style-stripes\"><b>\n<\/b><table><tbody><tr><td class=\"has-text-align-left\" data-align=\"left\">\n<em><b><font color=\"red\"><\/font><\/b><\/em><b><font color=\"red\"><center><em>Zarz\u0105d R.O.D.<\/em><\/center><\/font><\/b><\/td>\n<td><b><em><font color=\"red\"><\/font><\/em><font color=\"red\"><center><em>Komisja Rewizyjna<\/em><\/center><\/font><\/b><\/td><\/tr><tr>\n<td class=\"has-text-align-left\" data-align=\"left\"><b>Marzena Sm\u0119der &#8211; Prezes ROD<\/b><\/td>\n<td><b>\u0141ukasz Mach &#8211; Przewodnicz\u0105cy<\/b><\/td><\/tr>\n<tr><td class=\"has-text-align-left\" data-align=\"left\"><b>Leon Biel &#8211; Wiceprezes ROD<\/b><\/td>\n<td><b>S\u0142awomir Biernacki &#8211; Zast\u0119pca Przewodnicz\u0105cego<\/b><\/td><\/tr>\n<tr><td class=\"has-text-align-left\" data-align=\"left\"><b>S\u0142awomir Brodzik &#8211; Skarbnik<\/b><\/td>\n<td><b>Henryka Jurek &#8211; Sekretarz<\/b><\/td><\/tr>\n<tr><td class=\"has-text-align-left\" data-align=\"left\"><b>Gra\u017cyna Florkowska &#8211; Sekretarz<\/b><\/td>\n<td><\/td><\/tr>\n<tr><td class=\"has-text-align-left\" data-align=\"left\"><b>Dariusz Buda &#8211; Cz\u0142onek Zarz\u0105du<\/b><\/td>\n<td><\/td><\/tr>\n<tr><td class=\"has-text-align-left\" data-align=\"left\"><b>Stanis\u0142aw J\u0119zak &#8211; Cz\u0142onek Zarz\u0105du<\/b><\/td>\n<td><\/td><\/tr>\n<tr><td class=\"has-text-align-left\" data-align=\"left\"><b>Teresa Kapecka &#8211; Cz\u0142onek Zarz\u0105du<\/b><\/td>\n<td><\/td><\/tr>\n<tr><td class=\"has-text-align-left\" data-align=\"left\"><b>Piotr Mieszaniec &#8211; Cz\u0142onek Zarz\u0105du<\/b><\/td>\n<td><\/td><\/tr>\n<\/td><tr><td class=\"has-text-align-left\" data-align=\"left\"><b>Zbigniew Zygu\u0142a &#8211; Cz\u0142onek Zarz\u0105du<\/b><\/td>\n<td><\/td><\/tr>\n\n<\/tr><\/tbody><\/table><\/figure>\n","protected":false},"excerpt":{"rendered":"<p>Zarz\u0105d R.O.D. Komisja Rewizyjna Marzena Sm\u0119der &#8211; Prezes ROD \u0141ukasz Mach &#8211; Przewodnicz\u0105cy Leon Biel &#8211; Wiceprezes ROD S\u0142awomir Biernacki &#8211; Zast\u0119pca Przewodnicz\u0105cego S\u0142awomir Brodzik &#8211; Skarbnik Henryka Jurek &#8211; &#8230;<\/p>\n","protected":false},"author":1,"featured_media":0,"parent":0,"menu_order":0,"comment_status":"closed","ping_status":"closed","template":"","meta":[],"_links":{"self":[{"href":"https:\/\/rodplaszow.pl\/index.php?rest_route=\/wp\/v2\/pages\/793"}],"collection":[{"href":"https:\/\/rodplaszow.pl\/index.php?rest_route=\/wp\/v2\/pages"}],"about":[{"href":"https:\/\/rodplaszow.pl\/index.php?rest_route=\/wp\/v2\/types\/page"}],"author":[{"embeddable":true,"href":"https:\/\/rodplaszow.pl\/index.php?rest_route=\/wp\/v2\/users\/1"}],"replies":[{"embeddable":true,"href":"https:\/\/rodplaszow.pl\/index.php?rest_route=%2Fwp%2Fv2%2Fcomments&post=793"}],"version-history":[{"count":27,"href":"https:\/\/rodplaszow.pl\/index.php?rest_route=\/wp\/v2\/pages\/793\/revisions"}],"predecessor-version":[{"id":1505,"href":"https:\/\/rodplaszow.pl\/index.php?rest_route=\/wp\/v2\/pages\/793\/revisions\/1505"}],"wp:attachment":[{"href":"https:\/\/rodplaszow.pl\/index.php?rest_route=%2Fwp%2Fv2%2Fmedia&parent=793"}],"curies":[{"name":"wp","href":"https:\/\/api.w.org\/{rel}","templated":true}]}}