{"id":848,"date":"2023-02-10T08:36:49","date_gmt":"2023-02-10T07:36:49","guid":{"rendered":"http:\/\/nowa.rodplaszow.pl\/?page_id=848"},"modified":"2023-02-17T07:39:19","modified_gmt":"2023-02-17T06:39:19","slug":"80-lecie-ogrodu","status":"publish","type":"page","link":"https:\/\/rodplaszow.pl\/?page_id=848","title":{"rendered":"80 lecie ogrodu"},"content":{"rendered":"\n<p><center><b>80 LAT RODZINNEGO OGRODU DZIA\u0141KOWEGO \u201eP\u0141ASZ\u00d3W\u201d\n29 sierpnia 2015 roku jeden z najstarszych ogrod\u00f3w dzia\u0142kowych w Krakowie obchodzi\u0142 80 \nrocznic\u0119 swojego powstania. Do uroczysto\u015bci przygotowywano si\u0119 w ogrodzie od wielu tygodni: \nna tablicach ustawionych w pawilonach przed \u015bwietlic\u0105 umieszczono najcenniejsze pami\u0105tki ogrodu: \nrepliki dokument\u00f3w powstania ogrodu, stare zdj\u0119cia, histori\u0119 ostatnich 20 lat udokumentowan\u0105 na fotografiach. \nSzczeg\u00f3lnie cenn\u0105 pami\u0105tk\u0105 dla ogrodu s\u0105 dyplomy i puchary otrzymane od Prezydium PZD: z okazji 80-lecia przekazano \ndla ogrodu od Prezesa PZD Pana Eugeniusza Kondrackiego przepi\u0119kny puchar i dyplom z \u017cyczeniami z podpisem Pana Prezesa. \n\t\t<\/b><\/center><\/p><\/b>\n\t\t<img decoding=\"async\" src=\"wp-content\/uploads\/2023\/02\/\/puchar.jpg\" alt=\"Image 2\" \/>\n<p><b>W przygotowania licznie w\u0142\u0105czyli si\u0119 dzia\u0142kowcy; kilkoro z nich ufundowa\u0142o tablic\u0119, upami\u0119tniaj\u0105c\u0105 80- lecie Ogrodu \u201eP\u0142asz\u00f3w\u201d. \nNa rocznicow\u0105 uroczysto\u015b\u0107 przybyli zaproszeni go\u015bcie: Prezydent Miasta Krakowa Profesor Jacek Majchrowski, Wiceprzewodnicz\u0105cy Rady Miasta Pan Dominik Ja\u015bkowiec, Przewodnicz\u0105cy Rady Dzielnicy XIII Pan Jacek Bednarz, Komendant V Komisariatu Policji  m\u0142. insp. Dariusz Szczypi\u00f3r , przedstawiciel Polskiego Zwi\u0105zku dzia\u0142kowc\u00f3w Pan Krzysztof Fall, przedstawiciel zaprzyja\u017anionego ogrodu \u201eD\u0119bniki \u201d Pan Jerzy Sugier, Pani Krystyna Ogi\u0144ska oraz dzia\u0142kowcy i ich rodziny.\nUroczysto\u015b\u0107 rozpocz\u0119\u0142a si\u0119 ods\u0142uchaniem Hymnu Polskich Dzia\u0142kowc\u00f3w, nast\u0119pnie \nPrezydent Miasta Krakowa Profesor Jacek Majchrowski wsp\u00f3lnie z Panem Ryszardem Kotelonem  &#8211; najstarszym z fundator\u00f3w dokona\u0142 ods\u0142oni\u0119cia pami\u0105tkowej tablicy.<\/p><\/b>\n\n<img decoding=\"async\" src=\"wp-content\/uploads\/2023\/02\/\/image005.jpg\" alt=\"Image 2\" \/>\n<center><img decoding=\"async\" src=\"wp-content\/uploads\/2023\/02\/\/image004.jpg\" alt=\"Image 2\" \/><\/center>\n<p><b>Prezes Ogrodu Marzena Sm\u0119der zaprosi\u0142a wszystkich do \u015bwietlicy, gdzie odby\u0142a si\u0119 cz\u0119\u015b\u0107 oficjalna.\n W cz\u0119\u015bci tej po przedstawieniu historii ogrodu g\u0142os zabra\u0142 Prezydent Miasta Krakowa Profesor Jacek Majchrowski, kt\u00f3ry w uznaniu dla roli, jaka spe\u0142niaj\u0105 ogrody dzia\u0142kowe wr\u0119czy\u0142 9 odznacze\u0144 HONORIS GRATIA dla szczeg\u00f3lnie zas\u0142u\u017conych dzia\u0142kowicz\u00f3w. <\/p><\/b> \n \n<img decoding=\"async\" src=\"wp-content\/uploads\/2023\/02\/\/image007.jpg\" alt=\"Image 2\" \/>\n\n\n<p><b>Nast\u0119pnie przedstawiciel PZD Pan Krzysztof Fall wr\u0119czy\u0142 odznaczenia \u201e zas\u0142u\u017cony dla Polskiego Zwi\u0105zku Dzia\u0142kowc\u00f3w\u201d, niekt\u00f3rzy z dzia\u0142kowicz\u00f3w otrzymali te\u017c dyplomy i nagrody. Zaproszeni go\u015bcie przekazali \u017cyczenia dla Ogrodu wraz z pami\u0105tkami rocznicy w postaci puchar\u00f3w, grawerowanej tabliczki od Przewodnicz\u0105cego Rady Miasta  i dyplom\u00f3w. Uroczysto\u015b\u0107 upami\u0119tni\u0142y te\u017c dzieci z ogrodu \u201eP\u0142asz\u00f3w\u201d wr\u0119czaj\u0105ce w krakowskich strojach kwiaty Prezydentowi. <\/p><\/b>\n\n<img decoding=\"async\" src=\"wp-content\/uploads\/2023\/02\/\/image009.jpg\" alt=\"Image 2\" \/>\n\n<p><b>Po cz\u0119\u015bci oficjalnej zaproszono go\u015bci do zapoznania si\u0119 z i replikami dokument\u00f3w umieszczonych na tablicach, innymi pami\u0105tkami i  Kronik\u0105 Ogrodu , w kt\u00f3rej kolejno wszyscy dokonali wpisu.<\/p><\/b>\n\n<img decoding=\"async\" src=\"wp-content\/uploads\/2023\/02\/\/image011.jpg\" alt=\"Image 2\" \/>\n \n<p><b>Go\u015bcie czuli si\u0119 w ogrodzie bardzo swobodnie, uczestniczyli w pikniku na \u015bwie\u017cym powietrzu zapoznaj\u0105c si\u0119 w trakcie rozm\u00f3w z wieloma problemami Ogrodu.<\/p><\/b>\n\n<img decoding=\"async\" src=\"wp-content\/uploads\/2023\/02\/\/image013.jpg\" alt=\"Image 2\" \/>\n \n<p><b> Go\u015bcie i dzia\u0142kowcy mogli wzi\u0105\u0107 udzia\u0142 w tradycyjnym ju\u017c pocz\u0119stunku, w tym okresie dzia\u0142kowe dzieci mia\u0142y niesamowit\u0105<\/p><\/b>\n\n<img decoding=\"async\" src=\"wp-content\/uploads\/2023\/02\/\/image015.jpg\" alt=\"Image 2\" \/>\n<img decoding=\"async\" src=\"wp-content\/uploads\/2023\/02\/\/image017.jpg\" alt=\"Image 2\" \/>\n<p><b>atrakcj\u0119 buziaczki stawa\u0142y si\u0119 kolejno kolorowe.  Do Pani Bo\u017cenki maluj\u0105cej buziaczki ustawi\u0142a si\u0119 ogrooomna kolejka.<\/p><\/b>\n\n<img decoding=\"async\" src=\"wp-content\/uploads\/2023\/02\/\/image019.jpg\" alt=\"Image 2\" \/>\n\n<p><b>Piknik zako\u0144czy\u0142 si\u0119 o 17.00;  nast\u0119pnie trwa\u0142a zabawa taneczna do p\u00f3\u017anych godzin nocnych.<\/p><\/b>\n\n<img decoding=\"async\" src=\"wp-content\/uploads\/2023\/02\/\/image021.jpg\" alt=\"Image 2\" \/>\n","protected":false},"excerpt":{"rendered":"<p>80 LAT RODZINNEGO OGRODU DZIA\u0141KOWEGO \u201eP\u0141ASZ\u00d3W\u201d 29 sierpnia 2015 roku jeden z najstarszych ogrod\u00f3w dzia\u0142kowych w Krakowie obchodzi\u0142 80 rocznic\u0119 swojego powstania. Do uroczysto\u015bci przygotowywano si\u0119 w ogrodzie od wielu &#8230;<\/p>\n","protected":false},"author":1,"featured_media":0,"parent":0,"menu_order":0,"comment_status":"closed","ping_status":"closed","template":"","meta":[],"_links":{"self":[{"href":"https:\/\/rodplaszow.pl\/index.php?rest_route=\/wp\/v2\/pages\/848"}],"collection":[{"href":"https:\/\/rodplaszow.pl\/index.php?rest_route=\/wp\/v2\/pages"}],"about":[{"href":"https:\/\/rodplaszow.pl\/index.php?rest_route=\/wp\/v2\/types\/page"}],"author":[{"embeddable":true,"href":"https:\/\/rodplaszow.pl\/index.php?rest_route=\/wp\/v2\/users\/1"}],"replies":[{"embeddable":true,"href":"https:\/\/rodplaszow.pl\/index.php?rest_route=%2Fwp%2Fv2%2Fcomments&post=848"}],"version-history":[{"count":2,"href":"https:\/\/rodplaszow.pl\/index.php?rest_route=\/wp\/v2\/pages\/848\/revisions"}],"predecessor-version":[{"id":1082,"href":"https:\/\/rodplaszow.pl\/index.php?rest_route=\/wp\/v2\/pages\/848\/revisions\/1082"}],"wp:attachment":[{"href":"https:\/\/rodplaszow.pl\/index.php?rest_route=%2Fwp%2Fv2%2Fmedia&parent=848"}],"curies":[{"name":"wp","href":"https:\/\/api.w.org\/{rel}","templated":true}]}}